{"id":38,"date":"2021-03-08T16:51:46","date_gmt":"2021-03-08T16:51:46","guid":{"rendered":"https:\/\/zoonoses-journal.org\/?page_id=38"},"modified":"2026-01-28T10:24:44","modified_gmt":"2026-01-28T10:24:44","slug":"editorial-board","status":"publish","type":"page","link":"https:\/\/zoonoses-journal.org\/index.php\/editorial-board\/","title":{"rendered":"Editorial Board"},"content":{"rendered":"<h3><strong>Co-Editors-in-Chief<\/strong><\/h3>\n<p><a href=\"https:\/\/microbiology.utmb.edu\/faculty\/lynn-soong-md-phd\"><strong>Lynn Soong, MD, PhD<\/strong><\/a><br \/>\nProfessor, Departments of Microbiology &amp; Immunology and Pathology, University of Texas Medical Branch, Galveston, TX, USA<\/p>\n<p><a href=\"https:\/\/ivdc.chinacdc.cn\/jypx\/yjsjy\/dsjj\/myx\/bd1\/201808\/t20180807_189536.htm\"><strong>Xiaoping Dong, MD, PhD<\/strong><\/a><br \/>\nProfessor, Chief Expert of Virology, Chinese Center for Disease Control &amp; Prevention, Beijing, China<\/p>\n<h3><strong>Deputy Editors-in-Chief\u00a0<\/strong><\/h3>\n<p><strong><a href=\"https:\/\/www.med.tsinghua.edu.cn\/info\/1136\/2054.htm\">Gong Cheng<\/a>, PhD<\/strong><\/p>\n<p>Professor, School of Basic Medical Sciences, Tsinghua University, Beijing, China<\/p>\n<p><strong><a href=\"https:\/\/microcell.ufl.edu\/people\/peter-e-kima\/\">Peter E. Kima<\/a>, PhD<\/strong><br \/>\nAssociate Professor, Institute of Food and Agricultural Sciences, University of Florida, Gainesville, FL, USA<\/p>\n<p><strong><a href=\"https:\/\/microbiology.utmb.edu\/faculty\/vladimir-motin-phd\">Vladimir Motin<\/a>, PhD<\/strong><br \/>\nProfessor, Department of Pathology, University of Texas Medical Branch, Galveston, TX, USA<\/p>\n<p><strong><a href=\"https:\/\/www.ipbcams.ac.cn\/rcdw\/19.html\">Yuelong Shu,<\/a> PhD<\/strong><br \/>\nProfessor,\u00a0Institute of Pathogen Biology, Chinese Academy of Medical Sciences &amp; Peking Union Medical College, Beijing, China.<\/p>\n<p><strong>Ruifu Yang, PhD<\/strong><br \/>\nProfessor, State Key Laboratory of Pathogen and Biosecurity, Beijing Institute of Microbiology and Epidemiology, Beijing, China<\/p>\n<p><strong><a href=\"http:\/\/www.sxau.edu.cn\/info\/1446\/11029.htm\">Xing-Quan Zhu<\/a>, PhD<\/strong><br \/>\nProfessor, College of Veterinary Medicine, Shanxi Agricultural University, Shanxi, China<\/p>\n<h3><strong>Executive Editor-in-Chief (Vector Biology\/Epidemiology)<\/strong><\/h3>\n<p><strong>Fernando Rosado Spilki<\/strong><br \/>\nProfessor, Universidade Feevale, Novo Hamburgo, Brazil<\/p>\n<h3><strong>Editorial Board<\/strong><\/h3>\n<p><a href=\"https:\/\/ww2.comsats.edu.pk\/faculty\/FacultyDetails.aspx?Uid=6942\">Haroon Ahmed<\/a>, Associate Professor, Department of Biosciences, COMSATS University Islamabad (CUI), Islamabad, Pakistan<\/p>\n<p><a href=\"https:\/\/umexpert.um.edu.my\/halmekhlafi\">Hesham M. Al-Mekhlafi<\/a>, Professor, Department of Parasitology, Universiti Malaya, Kuala Lumpur, Malaysia<\/p>\n<p><a href=\"https:\/\/microbiology.utmb.edu\/faculty\/dennis-a-bente-dvm-phd\">Dennis Bente<\/a>, Professor, Department of Microbiology &amp; Immunology, University of Texas Medical Branch, Galveston, TX, USA<\/p>\n<p><a href=\"https:\/\/www.im.cas.cn\/jgsz2018\/yjtx\/zgkxybywswymyxzdsys\/201911\/t20191125_5442572.html\">Yuhai Bi<\/a>, Professor, Institute of Microbiology, Chinese Academy of Sciences, Beijing, China<\/p>\n<p><a href=\"http:\/\/hzaml.hzau.edu.cn\/info\/1129\/2389.htm\">Shengbo Cao<\/a>, Professor, College of Veterinary Medicine, Huazhong Agricultural University, Wuhan, China<\/p>\n<p><a href=\"https:\/\/www.researchgate.net\/profile\/Maria-Montalvo-Villalba-2\">Maria Caridad Montalvo Villalba<\/a>, Institute of Tropical Medicine Pedro Kour\u00ed (IPK), National Reference Laboratory on Viral Hepatitis, Havana, Cuba<\/p>\n<p><a href=\"https:\/\/www.researchgate.net\/profile\/Giorgi-Chakhunashvili\">Giorgi Chakhunashvili<\/a>, One Health Division, National Center for Disease Control and Public Health, Tbilisi, Georgia<\/p>\n<p>Vladimir Dubyanskiy, Stavropol Plague Control Research Institute, <span class=\"s1\">Stavropol,<\/span> Russia<\/p>\n<p><a href=\"https:\/\/profiles.ucr.edu\/app\/home\/profile\/dingsw\">Shouwei Ding<\/a>, Professor, University of California Riverside, Riverside, CA, USA<\/p>\n<p><a href=\"https:\/\/www.dzif.de\/en\/gulsah-gabriel\">G\u00fclsah Gabriel<\/a>, Professor, Leibniz Institute for Experimental Virology, Hamburg, Germany<\/p>\n<p><a href=\"http:\/\/www.mmg.pitt.edu\/person\/haitao-guo\">Haitao Guo<\/a>, Professor, UPMC Hillman Cancer Center, University of Pittsburgh, Pittsburgh, PA, USA<\/p>\n<p class=\"p1\"><span class=\"s1\"><a href=\"https:\/\/www.hakubi.kyoto-u.ac.jp\/eng\/mem\/7\/member-7-3\">Masayuki Horie<\/a>, Associate Professor, Osaka Prefecture University, Osaka, Japan<\/span><\/p>\n<p><a href=\"https:\/\/scholar.google.com\/citations?user=-netxpUAAAAJ&amp;hl=en\">Aaron Irving<\/a>, Associate Professor, Zhejiang University-University of Edinburgh Institute, Zhejiang, China<\/p>\n<p>Na Jia, Professor, State Key Laboratory of Pathogen and Biosecurity, Academy of Military Medical Sciences, Beijing, China<\/p>\n<p><a href=\"https:\/\/www.sbms.hku.hk\/staff\/dong-yan-jin\">Dong-Yan Jin<\/a>, Professor, School of Biomedical Sciences, The University of Hong Kong, Hong Kong, China<\/p>\n<p><a href=\"https:\/\/www.researchgate.net\/profile\/Huaiqi-Jing\">Huaiqi Jing<\/a>, Professor, National Institute for Communicable Disease Control and Prevention, Beijing, China<\/p>\n<p><a href=\"https:\/\/trios.tsukuba.ac.jp\/researcher\/0000003245\">Atsushi Kawaguchi<\/a>, Professor, University of Tsukuba, Tsukuba, Japan<\/p>\n<p><a href=\"http:\/\/klv.whu.edu.cn\/index.php\/View\/202.html\">Ke Lan<\/a>, Professor, State Key Laboratory of Virology, Wuhan University, Wuhan, China<\/p>\n<p><a href=\"https:\/\/www.vetmed.ucdavis.edu\/faculty\/gregory-lanzaro\">Gregory Lanzaro<\/a>, Professor, Department of Pathology, Microbiology &amp; Immunology, Veterinary Medicine, UC Davis, Davis, CA, USA<\/p>\n<p><a href=\"https:\/\/vet.osu.edu\/people\/shan-lu-liu\">Shan-Lu Liu<\/a>, Professor, College of Veterinary Medicine, The Ohio State University, Columbus, OH, USA<\/p>\n<p><a href=\"https:\/\/www.uni-due.de\/grk1949\/a1_proj3_lu.php\">Mengji Lu<\/a>, Professor, University of Duisburg-Essen, Essen, Germany<\/p>\n<p><a href=\"https:\/\/www.griffith.edu.au\/menzies-health-institute-queensland\/our-institute\/Infectious-Diseases-and-Immunology\/emerging-viruses,-inflammation-and-therapeutics\">Suresh Mahalingam<\/a>, Professor, Menzies Health Institute Queensland (MHIQ), Griffith University, Gold Coast, QLD, Australia<\/p>\n<p><a href=\"https:\/\/www.txbiomed.org\/scientists\/luis-martinez-sobrido-ph-d\/\">Luis Martinez-Sobrido<\/a> Professor, Texas Biomedical Research Institute, San Antonio, TX, USA<\/p>\n<p><a href=\"https:\/\/www.researchgate.net\/profile\/Carsten-Muenk\">Carsten M\u00fcnk<\/a>, Professor, Heinrich-Heine-Universit\u00e4t D\u00fcsseldorf, D\u00fcsseldorf, Germany<\/p>\n<p>Elena Pariani, Associate Professor,\u00a0Department of Biomedical Sciences for Health, University of Milan, Milan, Italy<\/p>\n<p>Mario Poljak, Professor,\u00a0Faculty of Medicine, University of Ljubljana, Ljubljana, Slovenia<\/p>\n<p><a href=\"https:\/\/investigacion.unirioja.es\/investigadores\/1076\/detalle\">Ar\u00e1nzazu Portillo<\/a>, Infectious Diseases Department, San Pedro University Hospital, Logro\u00f1o, La Rioja, Spain<\/p>\n<p><a href=\"https:\/\/www.researchgate.net\/profile\/John-Antony-Jude-Prakash\">John Antony Jude Prakash<\/a>, Professor,\u00a0Department of Clinical Microbiology, Christian Medical College, Vellore, Tamil Nadu, India<\/p>\n<p><a href=\"https:\/\/www.kumc.edu\/jqiu.html\">Jianming Qiu,<\/a> Professor, Department of Microbiology, Molecular Genetics and Immunology, University of Kansas Medical Center, Kansas City, KS, USA<\/p>\n<p><a href=\"https:\/\/www.usuhs.edu\/national\/faculty\/marcelo-ramalho-ortigao-phd\">Marcelo Ramalho-Ortigao<\/a>, Associate Professor, Department of Preventive Medicine &amp; Biostatistics, Uniformed Services University of the Health Sciences, Bethesda, MD, USA<\/p>\n<p>Elizabeth Ferreira Rangel, Instituto Oswaldo Cruz\/FIOCRUZ, Rio de Janeiro, Brazil<\/p>\n<p>Sergio Rodriquez, National Center for Emerging and Zoonotic Infectious Diseases, Centers for Disease Control and Prevention, Atlanta, GA, USA<\/p>\n<p class=\"p1\"><span class=\"s1\"><a href=\"https:\/\/www.med.uni-freiburg.de\/de\/fakultaet\/profs\/schwemmle\">Martin Schwemmle<\/a>, Professor, Institute of Virology, Medical Center, University of Freiburg, Freiburg, Germany<\/span><\/p>\n<p><a href=\"https:\/\/cvm.ncsu.edu\/people\/asharm66\/\">Amit Sharma<\/a>, Associate Professor, College of Veterinary Medicine, NC State University, Raleigh, NC, USA<\/p>\n<p><a href=\"https:\/\/ivdc.chinacdc.cn\/jypx\/yjsjy\/dsjj\/myx\/bd1\/202101\/t20210113_223730.htm\">Qi Shi<\/a>, Professor, Institute for Viral Disease Control and Prevention (IVDC), Beijing, China<\/p>\n<p><a href=\"https:\/\/profiles.howard.edu\/profile\/44801\/qiyi-tang\">Qiyi Tang<\/a>, Professor, Department of Microbiology, College of Medicine, Howard University, Washington, DC, USA<\/p>\n<p><a href=\"https:\/\/ivdc.chinacdc.cn\/jypx\/yjsjy\/dsjj\/byswx\/bd\/201808\/t20180807_189526.htm\">Dayan Wang<\/a>, Professor, China National Influenza Center, Beijing, China<\/p>\n<p><a href=\"https:\/\/dyxy.sxau.edu.cn\/info\/1072\/7556.htm\">Haidong Wang<\/a>, Professor, College of Veterinary Medicine, Shanxi Agricultural University, Taigu, Shanxi, China<\/p>\n<p><a href=\"https:\/\/www.utmb.edu\/pathology\/faculty\/tian-wang-phd\">Tian Wang,<\/a> Professor, Center for Biodefense and Emerging Infectious Diseases, The University of Texas Medical Branch, Galveston, TX, USA<\/p>\n<p><a href=\"https:\/\/www.cfsa.net.cn\/zdsys\/sysry\/xswyh\/2023\/6184.shtml\">Yongning Wu<\/a>, Professor, China National Center for Food Safety Risk Assessment, Beijing, China<\/p>\n<p><a href=\"https:\/\/science.gmu.edu\/directory\/yuntao-wu\">Yuntao Wu,<\/a> Professor, Center for Infectious Disease Research, George Mason University, Manassas, VA, USA<\/p>\n<p><a href=\"http:\/\/www.whiov.cas.cn\/yjsjy\/zsxxyjs\/dsjs\/sssds\/202012\/t20201224_5841023.html\">Han Xia<\/a>, Professor, Wuhan Institute of Virology, Chinese Academy of Sciences, Wuhan, China<\/p>\n<p><a href=\"https:\/\/umexpert.um.edu.my\/cv\/zyacob\">Zubaidah Ya\u2019cob,<\/a> Associate Professor, Tropical Infectious Diseases Research &amp; Education Centre (TIDREC), Universiti Malaya, Kuala Lumpur, Malaysia<\/p>\n<p><a href=\"https:\/\/shvri.caas.cn\/kxyj\/cxtd\/dwjscyswmjkz\/dwjscyswmjkztdcy\/c19d60d75ada44d9a6a46c1df75f1762.htm\">Jinlin Zhou,<\/a> Shanghai Veterinary Research Institute, Chinese Academy of Agricultural Sciences, Shanghai, China<\/p>\n<p><a href=\"https:\/\/www.cdyfy.com\/list\/2734\/40699.html\">Wenquan Zou,<\/a> Professor, Institute of Neurology, Jiangxi Academy of Medical Clinical Sciences, The First Affiliated Hospital, Jiangxi Medical College, Nanchang University, Nanchang, China<\/p>\n<h3><strong>Assistant to Co-Editors-in-Chief<\/strong><\/h3>\n<p><strong>Wanbo Tai<\/strong><\/p>\n<p>Professor, The Institute of Infectious Diseases Shenzhen Bay Laboratory, Gaoke International Innovation Center, Shenzhen, Guangdong, China.<\/p>\n<p><em>We also acknowledge the following individuals for their contributions to the peer review process:<\/em><\/p>\n<h3><strong>External Handling Editors<\/strong><\/h3>\n<p>Wenping Gong, Professor, Institute for Tuberculosis Research, the 8th Medical Center, Chinese PLA General Hospital, Beijing, China<\/p>\n<p>Su Han, Professor, Wuxi School of Medicine, Jiangnan University, Wuxi, China<\/p>\n<p>Hanwei Jiao, Associate Professor, College of Veterinary Medicine, Southwest University, Chongqing, China<\/p>\n<p>Jun Jiao, Associate Professor, Beijing institute of Microbiology and Epidemiology, Beijing, China<\/p>\n<p>Yong Ma, Professor, Shenzhen campus of Sun Yat-sen University, Shenzhen, China<\/p>\n<p>Jianwei Shao, Associate Professor, School of Life Science and Engineering, Foshan University, Foshan, Guangdong province, China<\/p>\n<p>Xi Sun, Associate Professor, Department of parasitology, Sun Yat-Sen University, Guangzhou, China<\/p>\n<p>Jian Wu, Associate Professor, State Key Laboratory for Diagnosis and Treatment of Infectious Diseases, National Clinical Research Center for Infectious Diseases, The First Affiliated Hospital, Zhejiang University School of Medicine, Hangzhou, China<\/p>\n<p>Zhipeng Xu, Professor, Nanjing Medical University, Nanjing, China<\/p>\n<p>Kun Yin, Professor, Shanghai Jiao Tong University School of Medicine, Shanghai, China<\/p>\n<p>Fei Yu, Professor, School of Life Science, Hebei Agricultural University, Baoding, China<\/p>\n<h3><strong>Guest Editors for Special Issues<\/strong><\/h3>\n<p>Wu Jian, Associate Professor, State Key Laboratory for the Diagnosis and Treatment of Infectious Diseases, The First Affiliated Hospital, College of Medicine, Zhejiang University, Hangzhou, China<\/p>\n<p>Zeyu Sun, Ph.D., State Key Laboratory for Diagnosis and Treatment of Infectious Diseases, National Clinical Research Center for Infectious Diseases, The First Affiliated Hospital, Zhejiang University, Hangzhou, China<\/p>\n<p>Daxian Wu, Ph.D., Department of Infectious Diseases, the First Affiliated Hospital of Nanchang University, Jiangxi Province, China<\/p>\n<p><a href=\"https:\/\/zoonoses-journal.org\/index.php\/retired-editorial-board-members\/\"><strong>Retired Editorial Board Members<\/strong><\/a><\/p>\n","protected":false},"excerpt":{"rendered":"<p>Co-Editors-in-Chief Lynn Soong, MD, PhD Professor, Departments of Microbiology &amp; Immunology and Pathology, University of Texas Medical Branch, Galveston, TX, USA Xiaoping Dong, MD, PhD Professor, Chief Expert of Virology, Chinese Center for Disease Control &amp; Prevention, Beijing, China Deputy Editors-in-Chief\u00a0 Gong Cheng, PhD Professor, School of Basic Medical Sciences, Tsinghua University, Beijing, China Peter [&hellip;]<\/p>\n","protected":false},"author":8,"featured_media":0,"parent":0,"menu_order":0,"comment_status":"closed","ping_status":"closed","template":"","meta":{"footnotes":""},"class_list":["post-38","page","type-page","status-publish","hentry"],"yoast_head":"<!-- This site is optimized with the Yoast SEO plugin v27.4 - https:\/\/yoast.com\/product\/yoast-seo-wordpress\/ -->\n<title>Editorial Board - Zoonoses Journal<\/title>\n<meta name=\"description\" content=\"Zoonoses provide young scientists with an active platform for exchanging scientific ideas in zoonoses and promote his\/her academic growth\" \/>\n<meta name=\"robots\" content=\"index, follow, max-snippet:-1, max-image-preview:large, max-video-preview:-1\" \/>\n<link rel=\"canonical\" href=\"https:\/\/zoonoses-journal.org\/index.php\/editorial-board\/\" \/>\n<meta property=\"og:locale\" content=\"en_US\" \/>\n<meta property=\"og:type\" content=\"article\" \/>\n<meta property=\"og:title\" content=\"Editorial Board - Zoonoses Journal\" \/>\n<meta property=\"og:description\" content=\"Zoonoses provide young scientists with an active platform for exchanging scientific ideas in zoonoses and promote his\/her academic growth\" \/>\n<meta property=\"og:url\" content=\"https:\/\/zoonoses-journal.org\/index.php\/editorial-board\/\" \/>\n<meta property=\"og:site_name\" content=\"Zoonoses Journal\" \/>\n<meta property=\"article:publisher\" content=\"https:\/\/www.facebook.com\/Zoonoses-Journal-100462755574114\" \/>\n<meta property=\"article:modified_time\" content=\"2026-01-28T10:24:44+00:00\" \/>\n<meta name=\"twitter:card\" content=\"summary_large_image\" \/>\n<meta name=\"twitter:site\" content=\"@ZoonosesJ\" \/>\n<meta name=\"twitter:label1\" content=\"Est. reading time\" \/>\n\t<meta name=\"twitter:data1\" content=\"5 minutes\" \/>\n<script type=\"application\/ld+json\" class=\"yoast-schema-graph\">{\"@context\":\"https:\\\/\\\/schema.org\",\"@graph\":[{\"@type\":\"WebPage\",\"@id\":\"https:\\\/\\\/zoonoses-journal.org\\\/index.php\\\/editorial-board\\\/\",\"url\":\"https:\\\/\\\/zoonoses-journal.org\\\/index.php\\\/editorial-board\\\/\",\"name\":\"Editorial Board - Zoonoses Journal\",\"isPartOf\":{\"@id\":\"https:\\\/\\\/zoonoses-journal.org\\\/#website\"},\"datePublished\":\"2021-03-08T16:51:46+00:00\",\"dateModified\":\"2026-01-28T10:24:44+00:00\",\"description\":\"Zoonoses provide young scientists with an active platform for exchanging scientific ideas in zoonoses and promote his\\\/her academic growth\",\"breadcrumb\":{\"@id\":\"https:\\\/\\\/zoonoses-journal.org\\\/index.php\\\/editorial-board\\\/#breadcrumb\"},\"inLanguage\":\"en-US\",\"potentialAction\":[{\"@type\":\"ReadAction\",\"target\":[\"https:\\\/\\\/zoonoses-journal.org\\\/index.php\\\/editorial-board\\\/\"]}]},{\"@type\":\"BreadcrumbList\",\"@id\":\"https:\\\/\\\/zoonoses-journal.org\\\/index.php\\\/editorial-board\\\/#breadcrumb\",\"itemListElement\":[{\"@type\":\"ListItem\",\"position\":1,\"name\":\"Home\",\"item\":\"https:\\\/\\\/zoonoses-journal.org\\\/\"},{\"@type\":\"ListItem\",\"position\":2,\"name\":\"Editorial Board\"}]},{\"@type\":\"WebSite\",\"@id\":\"https:\\\/\\\/zoonoses-journal.org\\\/#website\",\"url\":\"https:\\\/\\\/zoonoses-journal.org\\\/\",\"name\":\"Zoonoses Journal\",\"description\":\"\",\"publisher\":{\"@id\":\"https:\\\/\\\/zoonoses-journal.org\\\/#organization\"},\"potentialAction\":[{\"@type\":\"SearchAction\",\"target\":{\"@type\":\"EntryPoint\",\"urlTemplate\":\"https:\\\/\\\/zoonoses-journal.org\\\/?s={search_term_string}\"},\"query-input\":{\"@type\":\"PropertyValueSpecification\",\"valueRequired\":true,\"valueName\":\"search_term_string\"}}],\"inLanguage\":\"en-US\"},{\"@type\":\"Organization\",\"@id\":\"https:\\\/\\\/zoonoses-journal.org\\\/#organization\",\"name\":\"Zoonoses Journal\",\"url\":\"https:\\\/\\\/zoonoses-journal.org\\\/\",\"logo\":{\"@type\":\"ImageObject\",\"inLanguage\":\"en-US\",\"@id\":\"https:\\\/\\\/zoonoses-journal.org\\\/#\\\/schema\\\/logo\\\/image\\\/\",\"url\":\"https:\\\/\\\/zoonoses-journal.org\\\/wp-content\\\/uploads\\\/2021\\\/03\\\/cropped-cropped-Zoonoses_logo_small-1.png\",\"contentUrl\":\"https:\\\/\\\/zoonoses-journal.org\\\/wp-content\\\/uploads\\\/2021\\\/03\\\/cropped-cropped-Zoonoses_logo_small-1.png\",\"width\":512,\"height\":512,\"caption\":\"Zoonoses Journal\"},\"image\":{\"@id\":\"https:\\\/\\\/zoonoses-journal.org\\\/#\\\/schema\\\/logo\\\/image\\\/\"},\"sameAs\":[\"https:\\\/\\\/www.facebook.com\\\/Zoonoses-Journal-100462755574114\",\"https:\\\/\\\/x.com\\\/ZoonosesJ\",\"https:\\\/\\\/www.linkedin.com\\\/company\\\/78022634\"]}]}<\/script>\n<!-- \/ Yoast SEO plugin. -->","yoast_head_json":{"title":"Editorial Board - Zoonoses Journal","description":"Zoonoses provide young scientists with an active platform for exchanging scientific ideas in zoonoses and promote his\/her academic growth","robots":{"index":"index","follow":"follow","max-snippet":"max-snippet:-1","max-image-preview":"max-image-preview:large","max-video-preview":"max-video-preview:-1"},"canonical":"https:\/\/zoonoses-journal.org\/index.php\/editorial-board\/","og_locale":"en_US","og_type":"article","og_title":"Editorial Board - Zoonoses Journal","og_description":"Zoonoses provide young scientists with an active platform for exchanging scientific ideas in zoonoses and promote his\/her academic growth","og_url":"https:\/\/zoonoses-journal.org\/index.php\/editorial-board\/","og_site_name":"Zoonoses Journal","article_publisher":"https:\/\/www.facebook.com\/Zoonoses-Journal-100462755574114","article_modified_time":"2026-01-28T10:24:44+00:00","twitter_card":"summary_large_image","twitter_site":"@ZoonosesJ","twitter_misc":{"Est. reading time":"5 minutes"},"schema":{"@context":"https:\/\/schema.org","@graph":[{"@type":"WebPage","@id":"https:\/\/zoonoses-journal.org\/index.php\/editorial-board\/","url":"https:\/\/zoonoses-journal.org\/index.php\/editorial-board\/","name":"Editorial Board - Zoonoses Journal","isPartOf":{"@id":"https:\/\/zoonoses-journal.org\/#website"},"datePublished":"2021-03-08T16:51:46+00:00","dateModified":"2026-01-28T10:24:44+00:00","description":"Zoonoses provide young scientists with an active platform for exchanging scientific ideas in zoonoses and promote his\/her academic growth","breadcrumb":{"@id":"https:\/\/zoonoses-journal.org\/index.php\/editorial-board\/#breadcrumb"},"inLanguage":"en-US","potentialAction":[{"@type":"ReadAction","target":["https:\/\/zoonoses-journal.org\/index.php\/editorial-board\/"]}]},{"@type":"BreadcrumbList","@id":"https:\/\/zoonoses-journal.org\/index.php\/editorial-board\/#breadcrumb","itemListElement":[{"@type":"ListItem","position":1,"name":"Home","item":"https:\/\/zoonoses-journal.org\/"},{"@type":"ListItem","position":2,"name":"Editorial Board"}]},{"@type":"WebSite","@id":"https:\/\/zoonoses-journal.org\/#website","url":"https:\/\/zoonoses-journal.org\/","name":"Zoonoses Journal","description":"","publisher":{"@id":"https:\/\/zoonoses-journal.org\/#organization"},"potentialAction":[{"@type":"SearchAction","target":{"@type":"EntryPoint","urlTemplate":"https:\/\/zoonoses-journal.org\/?s={search_term_string}"},"query-input":{"@type":"PropertyValueSpecification","valueRequired":true,"valueName":"search_term_string"}}],"inLanguage":"en-US"},{"@type":"Organization","@id":"https:\/\/zoonoses-journal.org\/#organization","name":"Zoonoses Journal","url":"https:\/\/zoonoses-journal.org\/","logo":{"@type":"ImageObject","inLanguage":"en-US","@id":"https:\/\/zoonoses-journal.org\/#\/schema\/logo\/image\/","url":"https:\/\/zoonoses-journal.org\/wp-content\/uploads\/2021\/03\/cropped-cropped-Zoonoses_logo_small-1.png","contentUrl":"https:\/\/zoonoses-journal.org\/wp-content\/uploads\/2021\/03\/cropped-cropped-Zoonoses_logo_small-1.png","width":512,"height":512,"caption":"Zoonoses Journal"},"image":{"@id":"https:\/\/zoonoses-journal.org\/#\/schema\/logo\/image\/"},"sameAs":["https:\/\/www.facebook.com\/Zoonoses-Journal-100462755574114","https:\/\/x.com\/ZoonosesJ","https:\/\/www.linkedin.com\/company\/78022634"]}]}},"_links":{"self":[{"href":"https:\/\/zoonoses-journal.org\/index.php\/wp-json\/wp\/v2\/pages\/38","targetHints":{"allow":["GET"]}}],"collection":[{"href":"https:\/\/zoonoses-journal.org\/index.php\/wp-json\/wp\/v2\/pages"}],"about":[{"href":"https:\/\/zoonoses-journal.org\/index.php\/wp-json\/wp\/v2\/types\/page"}],"author":[{"embeddable":true,"href":"https:\/\/zoonoses-journal.org\/index.php\/wp-json\/wp\/v2\/users\/8"}],"replies":[{"embeddable":true,"href":"https:\/\/zoonoses-journal.org\/index.php\/wp-json\/wp\/v2\/comments?post=38"}],"version-history":[{"count":78,"href":"https:\/\/zoonoses-journal.org\/index.php\/wp-json\/wp\/v2\/pages\/38\/revisions"}],"predecessor-version":[{"id":2049,"href":"https:\/\/zoonoses-journal.org\/index.php\/wp-json\/wp\/v2\/pages\/38\/revisions\/2049"}],"wp:attachment":[{"href":"https:\/\/zoonoses-journal.org\/index.php\/wp-json\/wp\/v2\/media?parent=38"}],"curies":[{"name":"wp","href":"https:\/\/api.w.org\/{rel}","templated":true}]}}